{"id":230,"date":"2016-11-21T01:53:14","date_gmt":"2016-11-21T01:53:14","guid":{"rendered":"http:\/\/localhost\/talos\/?page_id=230"},"modified":"2025-10-01T13:17:32","modified_gmt":"2025-10-01T13:17:32","slug":"home-portfolio","status":"publish","type":"page","link":"https:\/\/www.event-horizon.pl\/","title":{"rendered":"Home"},"content":{"rendered":"<section class=\"wpb-content-wrapper\"><p>[vc_row full_height=&#8221;yes&#8221; fullwidth=&#8221;yes&#8221; el_id=&#8221;home&#8221;][vc_column]    \r\n    <div class=\"half-height\">\r\n        <div id=\"video-wrap\">\r\n            <video id=\"video_background\" preload=\"auto\" autoplay=\"true\" loop=\"loop\" muted=\"muted\" volume=\"0\" poster=\"\"> \r\n                <source src=\"\" type=\"video\/webm\"> \r\n                <source src=\"http:\/\/www.event-horizon.pl\/wp-content\/uploads\/2025\/08\/Slider-I.mp4\" type=\"video\/mp4\"> \r\n                <source src=\"\" type=\"video\/ogg\"> \r\n            <\/video>\r\n        <\/div>\r\n        <div class=\"home-mask\" style=\"background-color: rgba(0,0,0,0.4);\"><\/div>\r\n        <div class=\"home-text\">\r\n            <div class=\"container fade-elements\">\r\n                <div class=\"twelve columns\">\r\n                    <h2>STOISKA TARGOWE,KT\u00d3RE PRZYCI\u0104GAJ\u0104 UWAG\u0118<\/h2>\r\n                    <p><span><\/span><\/p>\r\n                <\/div>\r\n            <\/div>\r\n        <\/div>\r\n    <\/div>\r\n        \r\n[\/vc_column][\/vc_row][vc_row css=&#8221;.vc_custom_1755074942570{padding-top: 50px !important;padding-bottom: 0px !important;background-color: #ffffff !important;}&#8221;][vc_column]    \r\n    <div class=\"title-text left \">\r\n        <p >wyr\u00f3\u017cnij si\u0119 spo\u015br\u00f3d t\u0142umu<\/p>        <h3 >Projektujemy i realizujemy nowoczesne zabudowy targowe, kt\u00f3re wyr\u00f3\u017cniaj\u0105 marki i przyci\u0105gaj\u0105 uwag\u0119 odwiedzaj\u0105cych. Sprawd\u017a nasze realizacje.<\/h3>\r\n    <\/div>\r\n\r\n[\/vc_column][\/vc_row][vc_row el_id=&#8221;portfolio&#8221;][vc_column]    \r\n    \r\n    <div class=\"clear\"><\/div>\r\n\r\n    <div class=\"portfolio\"><\/div>\r\n\r\n    <div class=\"expander-wrap relative\">\r\n        <div id=\"expander-wrap\" class=\"container\">\r\n            <p class=\"cls-btn\"><a class=\"close\"><\/a><\/p>\r\n            <div class=\"expander-inner\"><\/div>\r\n        <\/div>\r\n    <\/div>\r\n\r\n    <div class=\"clear\"><\/div>   \r\n    <div class=\"section columns\">\r\n                \r\n        <div id=\"projects-grid\" class=\"projects-grid-2\">\r\n              \r\n            <a class=\"\" href=\"https:\/\/www.event-horizon.pl\/?portfolio=ligna-hanower-niemcy-2025\">\r\n                <div class=\"portfolio-box-1  oprawa \">\r\n                    <div class=\"mask\"><\/div>\r\n                    <img decoding=\"async\" src=\"https:\/\/www.event-horizon.pl\/wp-content\/uploads\/2025\/08\/wm_cover.jpg\" alt=\"\">\r\n                <\/div>\r\n            <\/a>\r\n              \r\n            <a class=\"\" href=\"https:\/\/www.event-horizon.pl\/?portfolio=automechanika-frankfrurt-niemcy-2024\">\r\n                <div class=\"portfolio-box-1  oprawa \">\r\n                    <div class=\"mask\"><\/div>\r\n                    <img decoding=\"async\" src=\"https:\/\/www.event-horizon.pl\/wp-content\/uploads\/2025\/08\/skf_cover.jpg\" alt=\"\">\r\n                <\/div>\r\n            <\/a>\r\n              \r\n            <a class=\"\" href=\"https:\/\/www.event-horizon.pl\/?portfolio=caravan-salon-dusseldorf-niemcy-2024\">\r\n                <div class=\"portfolio-box-1  oprawa \">\r\n                    <div class=\"mask\"><\/div>\r\n                    <img decoding=\"async\" src=\"https:\/\/www.event-horizon.pl\/wp-content\/uploads\/2025\/08\/mobiframe_cover.jpg\" alt=\"\">\r\n                <\/div>\r\n            <\/a>\r\n              \r\n            <a class=\"\" href=\"https:\/\/www.event-horizon.pl\/?portfolio=sawo-poznan-polska-2025\">\r\n                <div class=\"portfolio-box-1  oprawa \">\r\n                    <div class=\"mask\"><\/div>\r\n                    <img decoding=\"async\" src=\"https:\/\/www.event-horizon.pl\/wp-content\/uploads\/2025\/08\/mcvr_cover.jpg\" alt=\"\">\r\n                <\/div>\r\n            <\/a>\r\n              \r\n            <a class=\"\" href=\"https:\/\/www.event-horizon.pl\/?portfolio=meble-polska-poznan-polska-2024-2\">\r\n                <div class=\"portfolio-box-1  oprawa \">\r\n                    <div class=\"mask\"><\/div>\r\n                    <img decoding=\"async\" src=\"https:\/\/www.event-horizon.pl\/wp-content\/uploads\/2025\/08\/livin_cover-scaled.jpg\" alt=\"\">\r\n                <\/div>\r\n            <\/a>\r\n              \r\n            <a class=\"\" href=\"https:\/\/www.event-horizon.pl\/?portfolio=mble-polska-poznan-polska-2024\">\r\n                <div class=\"portfolio-box-1  oprawa \">\r\n                    <div class=\"mask\"><\/div>\r\n                    <img decoding=\"async\" src=\"https:\/\/www.event-horizon.pl\/wp-content\/uploads\/2025\/08\/layman_cover.jpg\" alt=\"\">\r\n                <\/div>\r\n            <\/a>\r\n              \r\n            <a class=\"\" href=\"https:\/\/www.event-horizon.pl\/?portfolio=alimentaria-barcelona-hiszpania-2024\">\r\n                <div class=\"portfolio-box-1  oprawa \">\r\n                    <div class=\"mask\"><\/div>\r\n                    <img decoding=\"async\" src=\"https:\/\/www.event-horizon.pl\/wp-content\/uploads\/2025\/08\/jbb_cover.jpg\" alt=\"\">\r\n                <\/div>\r\n            <\/a>\r\n              \r\n            <a class=\"\" href=\"https:\/\/www.event-horizon.pl\/?portfolio=spotkanie-z-produktem-poznan-polska-2025\">\r\n                <div class=\"portfolio-box-1  oprawa \">\r\n                    <div class=\"mask\"><\/div>\r\n                    <img decoding=\"async\" src=\"https:\/\/www.event-horizon.pl\/wp-content\/uploads\/2025\/08\/geberit_cover.jpg\" alt=\"\">\r\n                <\/div>\r\n            <\/a>\r\n              \r\n            <a class=\"\" href=\"https:\/\/www.event-horizon.pl\/?portfolio=ifat-monachium-niemcy-2024\">\r\n                <div class=\"portfolio-box-1  oprawa \">\r\n                    <div class=\"mask\"><\/div>\r\n                    <img decoding=\"async\" src=\"https:\/\/www.event-horizon.pl\/wp-content\/uploads\/2025\/08\/ecol_cover.jpg\" alt=\"\">\r\n                <\/div>\r\n            <\/a>\r\n              \r\n            <a class=\"\" href=\"https:\/\/www.event-horizon.pl\/?portfolio=meble-polska-poznan-polska-2024\">\r\n                <div class=\"portfolio-box-1  oprawa \">\r\n                    <div class=\"mask\"><\/div>\r\n                    <img decoding=\"async\" src=\"https:\/\/www.event-horizon.pl\/wp-content\/uploads\/2025\/08\/comad_cover.jpg\" alt=\"\">\r\n                <\/div>\r\n            <\/a>\r\n              \r\n            <a class=\"\" href=\"https:\/\/www.event-horizon.pl\/?portfolio=euroshop-dusseldorf-2020\">\r\n                <div class=\"portfolio-box-1  oprawa projekt-stoiska \">\r\n                    <div class=\"mask\"><\/div>\r\n                    <img decoding=\"async\" src=\"https:\/\/www.event-horizon.pl\/wp-content\/uploads\/2025\/08\/befard_cover2.jpg\" alt=\"\">\r\n                <\/div>\r\n            <\/a>\r\n              \r\n            <a class=\"\" href=\"https:\/\/www.event-horizon.pl\/?portfolio=project-name-7\">\r\n                <div class=\"portfolio-box-1  oprawa projekt-stoiska \">\r\n                    <div class=\"mask\"><\/div>\r\n                    <img decoding=\"async\" src=\"https:\/\/www.event-horizon.pl\/wp-content\/uploads\/2017\/01\/WhatsApp-Image-2020-02-18-at-21.00.01-5.png\" alt=\"\">\r\n                <\/div>\r\n            <\/a>\r\n              \r\n            <a class=\"\" href=\"https:\/\/www.event-horizon.pl\/?portfolio=project-name-6\">\r\n                <div class=\"portfolio-box-1  oprawa zabudowa \">\r\n                    <div class=\"mask\"><\/div>\r\n                    <img decoding=\"async\" src=\"https:\/\/www.event-horizon.pl\/wp-content\/uploads\/2016\/11\/VER-1SD-2.jpg\" alt=\"\">\r\n                <\/div>\r\n            <\/a>\r\n              \r\n            <a class=\"\" href=\"https:\/\/www.event-horizon.pl\/?portfolio=project-name-5\">\r\n                <div class=\"portfolio-box-1  logistyka zabudowa \">\r\n                    <div class=\"mask\"><\/div>\r\n                    <img decoding=\"async\" src=\"https:\/\/www.event-horizon.pl\/wp-content\/uploads\/2016\/11\/222.jpg\" alt=\"\">\r\n                <\/div>\r\n            <\/a>\r\n              \r\n            <a class=\"\" href=\"https:\/\/www.event-horizon.pl\/?portfolio=project-name-4\">\r\n                <div class=\"portfolio-box-1  oprawa \">\r\n                    <div class=\"mask\"><\/div>\r\n                    <img decoding=\"async\" src=\"https:\/\/www.event-horizon.pl\/wp-content\/uploads\/2016\/11\/b.jpg\" alt=\"\">\r\n                <\/div>\r\n            <\/a>\r\n              \r\n            <a class=\"\" href=\"https:\/\/www.event-horizon.pl\/?portfolio=project-name-3\">\r\n                <div class=\"portfolio-box-1  projekt-stoiska zabudowa \">\r\n                    <div class=\"mask\"><\/div>\r\n                    <img decoding=\"async\" src=\"https:\/\/www.event-horizon.pl\/wp-content\/uploads\/2016\/11\/DSC2686sssss.jpg\" alt=\"\">\r\n                <\/div>\r\n            <\/a>\r\n              \r\n            <a class=\"\" href=\"https:\/\/www.event-horizon.pl\/?portfolio=project-name-2\">\r\n                <div class=\"portfolio-box-1  logistyka projekt-stoiska zabudowa \">\r\n                    <div class=\"mask\"><\/div>\r\n                    <img decoding=\"async\" src=\"https:\/\/www.event-horizon.pl\/wp-content\/uploads\/2016\/11\/006ssssss.jpg\" alt=\"\">\r\n                <\/div>\r\n            <\/a>\r\n              \r\n            <a class=\"\" href=\"https:\/\/www.event-horizon.pl\/?portfolio=project-name\">\r\n                <div class=\"portfolio-box-1  logistyka zabudowa \">\r\n                    <div class=\"mask\"><\/div>\r\n                    <img decoding=\"async\" src=\"https:\/\/www.event-horizon.pl\/wp-content\/uploads\/2023\/06\/DSC0256sssss.jpg\" alt=\"\">\r\n                <\/div>\r\n            <\/a>\r\n                      \r\n               \r\n        <\/div> \r\n    <\/div>\r\n\r\n[\/vc_column][\/vc_row][vc_row css=&#8221;.vc_custom_1758872496598{padding-top: 70px !important;padding-bottom: 70px !important;background-color: #212121 !important;}&#8221;][vc_column]    \r\n    <div class=\"title-text left \">\r\n        <p style=\"color:#ffffff;\">Zaufali nam<\/p>        <h3 style=\"color:#ffffff;\"><\/h3>\r\n    <\/div>\r\n\r\n            \r\n        <div id=\"owl-logos\" class=\"owl-carousel owl-theme owl-logos padding-bottom-0\">\r\n                            <div class=\"item\"><img decoding=\"async\" src=\"https:\/\/www.event-horizon.pl\/wp-content\/uploads\/2025\/10\/PIK-Logo.png\" alt=\"\"><\/div>\r\n                            <div class=\"item\"><img decoding=\"async\" src=\"https:\/\/www.event-horizon.pl\/wp-content\/uploads\/2025\/09\/cnc-1.png\" alt=\"\"><\/div>\r\n                            <div class=\"item\"><img decoding=\"async\" src=\"https:\/\/www.event-horizon.pl\/wp-content\/uploads\/2025\/09\/Artboard1.png\" alt=\"\"><\/div>\r\n                            <div class=\"item\"><img decoding=\"async\" src=\"https:\/\/www.event-horizon.pl\/wp-content\/uploads\/2025\/09\/Artboard1_6.png\" alt=\"\"><\/div>\r\n                            <div class=\"item\"><img decoding=\"async\" src=\"https:\/\/www.event-horizon.pl\/wp-content\/uploads\/2025\/09\/Artboard1_5.png\" alt=\"\"><\/div>\r\n                            <div class=\"item\"><img decoding=\"async\" src=\"https:\/\/www.event-horizon.pl\/wp-content\/uploads\/2025\/09\/Artboard1_4.png\" alt=\"\"><\/div>\r\n                            <div class=\"item\"><img decoding=\"async\" src=\"https:\/\/www.event-horizon.pl\/wp-content\/uploads\/2025\/09\/Artboard1_3.png\" alt=\"\"><\/div>\r\n                            <div class=\"item\"><img decoding=\"async\" src=\"https:\/\/www.event-horizon.pl\/wp-content\/uploads\/2025\/09\/Artboard1_2.png\" alt=\"\"><\/div>\r\n                    <\/div>\r\n\r\n        <script>\r\n            (function($) { \"use strict\";\r\n                $(document).ready(function() {\r\n                    $(\"#owl-logos\").owlCarousel({\r\n                        items : 6,\r\n                        itemsDesktop : [1000,6], \r\n                        itemsDesktopSmall : [900,3],\r\n                        itemsTablet: [600,2], \r\n                        itemsMobile : false, \r\n                        pagination : false,\r\n                        autoPlay : 3000,\r\n                        slideSpeed : 300\r\n                    }); \r\n                }); \r\n            })(jQuery); \r\n        <\/script>\r\n\r\n[\/vc_column][\/vc_row][vc_row][vc_column][vc_empty_space height=&#8221;10px&#8221;][\/vc_column][\/vc_row][vc_row css=&#8221;.vc_custom_1755164716626{padding-top: 0px !important;padding-bottom: 0px !important;background-color: #ffffff !important;}&#8221; el_id=&#8221;about&#8221;][vc_column]    \r\n    <div class=\"title-text left \">\r\n        <p >co robimy<\/p>        <h3 >Dbamy o skuteczny event marketing, rozumiej\u0105c jego znaczenie w rozbudowie sieci sprzeda\u017cy i promocji firm. Projektujemy i budujemy konstrukcje stanowi\u0105ce odzwierciedlenie biznesowego wizerunku naszych klient\u00f3w.<\/h3>\r\n    <\/div>\r\n\r\n[\/vc_column][\/vc_row][vc_row equal_height=&#8221;yes&#8221; css=&#8221;.vc_custom_1755164774002{padding-top: 0px !important;padding-bottom: 50px !important;background-color: #ffffff !important;}&#8221;][vc_column width=&#8221;1\/2&#8243;]\r\n            <div class=\"about-wrap\">\r\n            <div class=\"about-icon normal\">\r\n                <i class=\"icon-puzzle\"><\/i>                       \r\n            <\/div>\r\n            <h5>projektowanie.<\/h5>\r\n            <p>Nasz projekty to kreatywno\u015b\u0107, wiedza z zakresu event marketingu oraz wieloletnie do\u015bwiadczenie w budowaniu stoisk. Tworzymy projekty w oparciu o szczeg\u00f3\u0142owy wywiad z klientami, tak by skutecznie zaprezentowali swoje produkty i us\u0142ugi podczas mi\u0119dzynarodowych wydarze\u0144 biznesowych.<\/p>\r\n        <\/div>\r\n     \r\n\r\n\r\n            <div class=\"about-wrap\">\r\n            <div class=\"about-icon normal\">\r\n                <i class=\"icon-browser\"><\/i>                       \r\n            <\/div>\r\n            <h5>zarz\u0105dzanie.<\/h5>\r\n            <p>Organizujemy udzia\u0142 w targach od A do Z w my\u015bl powiedzenia \u201eobs\u0142uga kompleksowa\u201d. Dla naszych klient\u00f3w pozyskujemy dotacje i wsparcie finansowe na marketing zagraniczny i udzia\u0142 w targach. Znajomo\u015b\u0107 rynku wystawienniczego pozwala \u015bwiadczy\u0107 us\u0142ugi doboru imprez pod potrzeby klient\u00f3w, a tak\u017ce zaj\u0105\u0107 si\u0119 rezerwacj\u0105 powierzchni wystawienniczej oraz uzbrojeniem jej w odpowiednie media. Nasi Project Managerowie s\u0142u\u017c\u0105 tak\u017ce wsparciem klient\u00f3w w zakresie transportu eksponat\u00f3w oraz organizacj\u0119 logistyki w centrach wystawienniczych na ca\u0142ym \u015bwiecie.<\/p>\r\n        <\/div>\r\n     \r\n\r\n[\/vc_column][vc_column width=&#8221;1\/2&#8243;]\r\n            <div class=\"about-wrap\">\r\n            <div class=\"about-icon normal\">\r\n                <i class=\"icon-gears\"><\/i>                       \r\n            <\/div>\r\n            <h5>budowa.<\/h5>\r\n            <p>Materializujemy projekty w konkretne konstrukcje, wykonane w najwy\u017cszej jako\u015bci. Realizujemy projekty z udzia\u0142em wykwalifikowanej i do\u015bwiadczonej ekipy stolarzy, monter\u00f3w i project manager\u00f3w.<\/p>\r\n        <\/div>\r\n     \r\n\r\n\r\n            <div class=\"about-wrap\">\r\n            <div class=\"about-icon normal\">\r\n                <i class=\"icon-chat\"><\/i>                       \r\n            <\/div>\r\n            <h5>dokumentujemy.<\/h5>\r\n            <p>Utrwalamy udzia\u0142 naszych klient\u00f3w wydarzeniach biznesowych poprzez film, fotografi\u0119 czy transmisj\u0119 online, co dodatkowo zwi\u0119ksza marketingowy zasi\u0119g danego wydarzenia biznesowego. Tworzymy filmy promocyjne oraz sesje produktowe, a tak\u017ce dedykowane konferencje online skierowane do konkretnej grupy odbiorc\u00f3w.<\/p>\r\n        <\/div>\r\n     \r\n\r\n[\/vc_column][\/vc_row][vc_row css=&#8221;.vc_custom_1755789368175{padding-top: 100px !important;background-color: #ffffff !important;}&#8221; el_id=&#8221;contact&#8221;][vc_column css=&#8221;.vc_custom_1479460887824{margin-top: -100px !important;margin-right: 0px !important;}&#8221;]\r\n    <div class=\"contact-det\" style=\"background-color: #242424;\">\r\n        <p>1. <b>Masz pytania? Napisz!<\/b><\/p>\r\n        <h6>we@event-horizon.pl<\/h6>\r\n    <\/div>\r\n\r\n\r\n    <div class=\"contact-det\" style=\"background-color: #171717;\">\r\n        <p>2. <b>Zadzwo\u0144<\/b><\/p>\r\n        <h6>+48 780 767 344<\/h6>\r\n    <\/div>\r\n\r\n\r\n    <div class=\"contact-det\" style=\"background-color: #101010;\">\r\n        <p>3. <b>Gdzie jeste\u015bmy?<\/b><\/p>\r\n        <h6>Eveho Sp. z o. o.<br \/>\nul. Stanis\u0142awa Ma\u0142achowskiego 8\/P1<br \/>\n61-129 Pozna\u0144<\/h6>\r\n    <\/div>\r\n\r\n[\/vc_column][\/vc_row]<\/p>\n<\/section>","protected":false},"excerpt":{"rendered":"<p>[vc_row full_height=&#8221;yes&#8221; fullwidth=&#8221;yes&#8221; el_id=&#8221;home&#8221;][vc_column][\/vc_column][\/vc_row][vc_row css=&#8221;.vc_custom_1755074942570{padding-top: 50px !important;padding-bottom: 0px !important;background-color: #ffffff !important;}&#8221;][vc_column][\/vc_column][\/vc_row][vc_row el_id=&#8221;portfolio&#8221;][vc_column][\/vc_column][\/vc_row][vc_row css=&#8221;.vc_custom_1758872496598{padding-top: 70px !important;padding-bottom: 70px !important;background-color: #212121 !important;}&#8221;][vc_column][\/vc_column][\/vc_row][vc_row][vc_column][vc_empty_space height=&#8221;10px&#8221;][\/vc_column][\/vc_row][vc_row css=&#8221;.vc_custom_1755164716626{padding-top: 0px !important;padding-bottom: 0px !important;background-color: #ffffff !important;}&#8221; el_id=&#8221;about&#8221;][vc_column][\/vc_column][\/vc_row][vc_row equal_height=&#8221;yes&#8221; css=&#8221;.vc_custom_1755164774002{padding-top: 0px !important;padding-bottom: 50px !important;background-color: #ffffff !important;}&#8221;][vc_column width=&#8221;1\/2&#8243;][\/vc_column][vc_column width=&#8221;1\/2&#8243;][\/vc_column][\/vc_row][vc_row css=&#8221;.vc_custom_1755789368175{padding-top: 100px !important;background-color: #ffffff !important;}&#8221; el_id=&#8221;contact&#8221;][vc_column css=&#8221;.vc_custom_1479460887824{margin-top: -100px !important;margin-right: 0px !important;}&#8221;][\/vc_column][\/vc_row]<\/p>\n","protected":false},"author":1,"featured_media":0,"parent":0,"menu_order":0,"comment_status":"closed","ping_status":"closed","template":"page-templates\/template-onepage.php","meta":{"footnotes":""},"class_list":["post-230","page","type-page","status-publish","hentry"],"_links":{"self":[{"href":"https:\/\/www.event-horizon.pl\/index.php?rest_route=\/wp\/v2\/pages\/230","targetHints":{"allow":["GET"]}}],"collection":[{"href":"https:\/\/www.event-horizon.pl\/index.php?rest_route=\/wp\/v2\/pages"}],"about":[{"href":"https:\/\/www.event-horizon.pl\/index.php?rest_route=\/wp\/v2\/types\/page"}],"author":[{"embeddable":true,"href":"https:\/\/www.event-horizon.pl\/index.php?rest_route=\/wp\/v2\/users\/1"}],"replies":[{"embeddable":true,"href":"https:\/\/www.event-horizon.pl\/index.php?rest_route=%2Fwp%2Fv2%2Fcomments&post=230"}],"version-history":[{"count":79,"href":"https:\/\/www.event-horizon.pl\/index.php?rest_route=\/wp\/v2\/pages\/230\/revisions"}],"predecessor-version":[{"id":2084,"href":"https:\/\/www.event-horizon.pl\/index.php?rest_route=\/wp\/v2\/pages\/230\/revisions\/2084"}],"wp:attachment":[{"href":"https:\/\/www.event-horizon.pl\/index.php?rest_route=%2Fwp%2Fv2%2Fmedia&parent=230"}],"curies":[{"name":"wp","href":"https:\/\/api.w.org\/{rel}","templated":true}]}}