{"id":1922,"date":"2025-08-20T13:06:36","date_gmt":"2025-08-20T13:06:36","guid":{"rendered":"https:\/\/www.event-horizon.pl\/?page_id=1922"},"modified":"2025-10-01T13:16:27","modified_gmt":"2025-10-01T13:16:27","slug":"home-de","status":"publish","type":"page","link":"https:\/\/www.event-horizon.pl\/?lang=de","title":{"rendered":"Home DE"},"content":{"rendered":"<section class=\"wpb-content-wrapper\"><p>[vc_row full_height=&#8221;yes&#8221; fullwidth=&#8221;yes&#8221; el_id=&#8221;home&#8221;][vc_column]    \r\n    <div class=\"half-height\">\r\n        <div id=\"video-wrap\">\r\n            <video id=\"video_background\" preload=\"auto\" autoplay=\"true\" loop=\"loop\" muted=\"muted\" volume=\"0\" poster=\"\"> \r\n                <source src=\"\" type=\"video\/webm\"> \r\n                <source src=\"http:\/\/www.event-horizon.pl\/wp-content\/uploads\/2025\/08\/Slider-I.mp4\" type=\"video\/mp4\"> \r\n                <source src=\"\" type=\"video\/ogg\"> \r\n            <\/video>\r\n        <\/div>\r\n        <div class=\"home-mask\" style=\"background-color: rgba(0,0,0,0.4);\"><\/div>\r\n        <div class=\"home-text\">\r\n            <div class=\"container fade-elements\">\r\n                <div class=\"twelve columns\">\r\n                    <h2>MESSEST\u00c4NDE, DIE AUFMERKSAMKEIT ERREGEN<\/h2>\r\n                    <p><span><\/span><\/p>\r\n                <\/div>\r\n            <\/div>\r\n        <\/div>\r\n    <\/div>\r\n        \r\n[\/vc_column][\/vc_row][vc_row css=&#8221;.vc_custom_1755074942570{padding-top: 50px !important;padding-bottom: 0px !important;background-color: #ffffff !important;}&#8221;][vc_column]    \r\n    <div class=\"title-text left \">\r\n        <p >Hebe dich von der Menge ab<\/p>        <h3 >Wir entwerfen und realisieren moderne Messest\u00e4nde, die Marken hervorheben und die Aufmerksamkeit der Besucher auf sich ziehen. Sehen Sie sich unsere Projekte an<\/h3>\r\n    <\/div>\r\n\r\n[\/vc_column][\/vc_row][vc_row el_id=&#8221;portfolio&#8221;][vc_column]    \r\n    \r\n    <div class=\"clear\"><\/div>\r\n\r\n    <div class=\"portfolio\"><\/div>\r\n\r\n    <div class=\"expander-wrap relative\">\r\n        <div id=\"expander-wrap\" class=\"container\">\r\n            <p class=\"cls-btn\"><a class=\"close\"><\/a><\/p>\r\n            <div class=\"expander-inner\"><\/div>\r\n        <\/div>\r\n    <\/div>\r\n\r\n    <div class=\"clear\"><\/div>   \r\n    <div class=\"section columns\">\r\n                \r\n        <div id=\"projects-grid\" class=\"projects-grid-2\">\r\n              \r\n            <a class=\"\" href=\"https:\/\/www.event-horizon.pl\/?portfolio=ligna-hanower-niemcy-2025\">\r\n                <div class=\"portfolio-box-1  oprawa \">\r\n                    <div class=\"mask\"><\/div>\r\n                    <img decoding=\"async\" src=\"https:\/\/www.event-horizon.pl\/wp-content\/uploads\/2025\/08\/wm_cover.jpg\" alt=\"\">\r\n                <\/div>\r\n            <\/a>\r\n              \r\n            <a class=\"\" href=\"https:\/\/www.event-horizon.pl\/?portfolio=automechanika-frankfrurt-niemcy-2024\">\r\n                <div class=\"portfolio-box-1  oprawa \">\r\n                    <div class=\"mask\"><\/div>\r\n                    <img decoding=\"async\" src=\"https:\/\/www.event-horizon.pl\/wp-content\/uploads\/2025\/08\/skf_cover.jpg\" alt=\"\">\r\n                <\/div>\r\n            <\/a>\r\n              \r\n            <a class=\"\" href=\"https:\/\/www.event-horizon.pl\/?portfolio=caravan-salon-dusseldorf-niemcy-2024\">\r\n                <div class=\"portfolio-box-1  oprawa \">\r\n                    <div class=\"mask\"><\/div>\r\n                    <img decoding=\"async\" src=\"https:\/\/www.event-horizon.pl\/wp-content\/uploads\/2025\/08\/mobiframe_cover.jpg\" alt=\"\">\r\n                <\/div>\r\n            <\/a>\r\n              \r\n            <a class=\"\" href=\"https:\/\/www.event-horizon.pl\/?portfolio=sawo-poznan-polska-2025\">\r\n                <div class=\"portfolio-box-1  oprawa \">\r\n                    <div class=\"mask\"><\/div>\r\n                    <img decoding=\"async\" src=\"https:\/\/www.event-horizon.pl\/wp-content\/uploads\/2025\/08\/mcvr_cover.jpg\" alt=\"\">\r\n                <\/div>\r\n            <\/a>\r\n              \r\n            <a class=\"\" href=\"https:\/\/www.event-horizon.pl\/?portfolio=meble-polska-poznan-polska-2024-2\">\r\n                <div class=\"portfolio-box-1  oprawa \">\r\n                    <div class=\"mask\"><\/div>\r\n                    <img decoding=\"async\" src=\"https:\/\/www.event-horizon.pl\/wp-content\/uploads\/2025\/08\/livin_cover-scaled.jpg\" alt=\"\">\r\n                <\/div>\r\n            <\/a>\r\n              \r\n            <a class=\"\" href=\"https:\/\/www.event-horizon.pl\/?portfolio=mble-polska-poznan-polska-2024\">\r\n                <div class=\"portfolio-box-1  oprawa \">\r\n                    <div class=\"mask\"><\/div>\r\n                    <img decoding=\"async\" src=\"https:\/\/www.event-horizon.pl\/wp-content\/uploads\/2025\/08\/layman_cover.jpg\" alt=\"\">\r\n                <\/div>\r\n            <\/a>\r\n              \r\n            <a class=\"\" href=\"https:\/\/www.event-horizon.pl\/?portfolio=alimentaria-barcelona-hiszpania-2024\">\r\n                <div class=\"portfolio-box-1  oprawa \">\r\n                    <div class=\"mask\"><\/div>\r\n                    <img decoding=\"async\" src=\"https:\/\/www.event-horizon.pl\/wp-content\/uploads\/2025\/08\/jbb_cover.jpg\" alt=\"\">\r\n                <\/div>\r\n            <\/a>\r\n              \r\n            <a class=\"\" href=\"https:\/\/www.event-horizon.pl\/?portfolio=spotkanie-z-produktem-poznan-polska-2025\">\r\n                <div class=\"portfolio-box-1  oprawa \">\r\n                    <div class=\"mask\"><\/div>\r\n                    <img decoding=\"async\" src=\"https:\/\/www.event-horizon.pl\/wp-content\/uploads\/2025\/08\/geberit_cover.jpg\" alt=\"\">\r\n                <\/div>\r\n            <\/a>\r\n                      \r\n               \r\n        <\/div> \r\n    <\/div>\r\n\r\n[\/vc_column][\/vc_row][vc_row css=&#8221;.vc_custom_1758872658854{padding-top: 70px !important;padding-bottom: 70px !important;background-color: #212121 !important;}&#8221;][vc_column]    \r\n    <div class=\"title-text left \">\r\n                <h3 style=\"color:#ffffff;\">Vertrauen in uns<\/h3>\r\n    <\/div>\r\n\r\n            \r\n        <div id=\"owl-logos\" class=\"owl-carousel owl-theme owl-logos padding-bottom-0\">\r\n                            <div class=\"item\"><img decoding=\"async\" src=\"https:\/\/www.event-horizon.pl\/wp-content\/uploads\/2025\/10\/PIK-Logo-1.png\" alt=\"\"><\/div>\r\n                            <div class=\"item\"><img decoding=\"async\" src=\"https:\/\/www.event-horizon.pl\/wp-content\/uploads\/2025\/09\/cnc.png\" alt=\"\"><\/div>\r\n                            <div class=\"item\"><img decoding=\"async\" src=\"https:\/\/www.event-horizon.pl\/wp-content\/uploads\/2025\/09\/Artboard1-2.png\" alt=\"\"><\/div>\r\n                            <div class=\"item\"><img decoding=\"async\" src=\"https:\/\/www.event-horizon.pl\/wp-content\/uploads\/2025\/09\/Artboard1_6-2.png\" alt=\"\"><\/div>\r\n                            <div class=\"item\"><img decoding=\"async\" src=\"https:\/\/www.event-horizon.pl\/wp-content\/uploads\/2025\/09\/Artboard1_5-2.png\" alt=\"\"><\/div>\r\n                            <div class=\"item\"><img decoding=\"async\" src=\"https:\/\/www.event-horizon.pl\/wp-content\/uploads\/2025\/09\/Artboard1_4-2.png\" alt=\"\"><\/div>\r\n                            <div class=\"item\"><img decoding=\"async\" src=\"https:\/\/www.event-horizon.pl\/wp-content\/uploads\/2025\/09\/Artboard1_3-2.png\" alt=\"\"><\/div>\r\n                            <div class=\"item\"><img decoding=\"async\" src=\"https:\/\/www.event-horizon.pl\/wp-content\/uploads\/2025\/09\/Artboard1_2-2.png\" alt=\"\"><\/div>\r\n                    <\/div>\r\n\r\n        <script>\r\n            (function($) { \"use strict\";\r\n                $(document).ready(function() {\r\n                    $(\"#owl-logos\").owlCarousel({\r\n                        items : 6,\r\n                        itemsDesktop : [1000,6], \r\n                        itemsDesktopSmall : [900,3],\r\n                        itemsTablet: [600,2], \r\n                        itemsMobile : false, \r\n                        pagination : false,\r\n                        autoPlay : 3000,\r\n                        slideSpeed : 300\r\n                    }); \r\n                }); \r\n            })(jQuery); \r\n        <\/script>\r\n\r\n[\/vc_column][\/vc_row][vc_row][vc_column][vc_empty_space height=&#8221;10px&#8221;][\/vc_column][\/vc_row][vc_row css=&#8221;.vc_custom_1755164716626{padding-top: 0px !important;padding-bottom: 0px !important;background-color: #ffffff !important;}&#8221; el_id=&#8221;about&#8221;][vc_column]    \r\n    <div class=\"title-text left \">\r\n        <p >Was wir tun<\/p>        <h3 >Wir legen Wert auf effektives Eventmarketing und verstehen dessen Bedeutung f\u00fcr den Ausbau von Vertriebsnetzen und die F\u00f6rderung von Unternehmen. Wir entwerfen und bauen Konstruktionen, die das Gesch\u00e4ftsbilder unserer Kunden widerspiegeln.<\/h3>\r\n    <\/div>\r\n\r\n[\/vc_column][\/vc_row][vc_row equal_height=&#8221;yes&#8221; css=&#8221;.vc_custom_1755164774002{padding-top: 0px !important;padding-bottom: 50px !important;background-color: #ffffff !important;}&#8221;][vc_column width=&#8221;1\/2&#8243;]\r\n            <div class=\"about-wrap\">\r\n            <div class=\"about-icon normal\">\r\n                <i class=\"icon-puzzle\"><\/i>                       \r\n            <\/div>\r\n            <h5>Gestaltung<\/h5>\r\n            <p>Unsere Projekte verbinden Kreativit\u00e4t, Fachwissen im Eventmarketing und langj\u00e4hrige Erfahrung im Bau von Messest\u00e4nden. Wir entwickeln Konzepte auf Grundlage ausf\u00fchrlicher Gespr\u00e4che mit unseren Kunden, damit sie ihre Produkte und Dienstleistungen bei internationalen Business-Events wirkungsvoll pr\u00e4sentieren k\u00f6nnen.<\/p>\r\n        <\/div>\r\n     \r\n\r\n[vc_empty_space]\r\n            <div class=\"about-wrap\">\r\n            <div class=\"about-icon normal\">\r\n                <i class=\"icon-browser\"><\/i>                       \r\n            <\/div>\r\n            <h5>Projektmanagement<\/h5>\r\n            <p>Wir organisieren die Teilnahme an Messen von A bis Z nach dem Motto \u201eumfassender Service\u201c. F\u00fcr unsere Kunden akquirieren wir F\u00f6rdermittel und finanzielle Unterst\u00fctzung f\u00fcr internationales Marketing und Messebeteiligungen. Unsere Marktkenntnis erm\u00f6glicht es uns, Veranstaltungen passend zu den Bed\u00fcrfnissen der Kunden auszuw\u00e4hlen, Ausstellungsfl\u00e4chen zu reservieren und diese mit den erforderlichen Medien auszustatten. Unsere Projektmanager unterst\u00fctzen die Kunden zudem beim Transport der Exponate und bei der Organisation der Logistik in Messezentren weltweit.<\/p>\r\n        <\/div>\r\n     \r\n\r\n[\/vc_column][vc_column width=&#8221;1\/2&#8243;]\r\n            <div class=\"about-wrap\">\r\n            <div class=\"about-icon normal\">\r\n                <i class=\"icon-gears\"><\/i>                       \r\n            <\/div>\r\n            <h5>Aufbau<\/h5>\r\n            <p>Wir materialisieren Projekte in konkrete Konstruktionen, die in h\u00f6chster Qualit\u00e4t ausgef\u00fchrt werden. Unsere Projekte werden von einem qualifizierten und erfahrenen Team aus Tischlern, Monteuren und Projektmanagern realisiert.<\/p>\r\n        <\/div>\r\n     \r\n\r\n[vc_empty_space]\r\n            <div class=\"about-wrap\">\r\n            <div class=\"about-icon normal\">\r\n                <i class=\"icon-chat\"><\/i>                       \r\n            <\/div>\r\n            <h5>Foto- und Videoberichterstattung<\/h5>\r\n            <p>Wir festigen die Teilnahme unserer Kunden an Business-Events durch Film, Fotografie und Online-\u00dcbertragungen, was die Marketingreichweite der Veranstaltung zus\u00e4tzlich erh\u00f6ht. Wir erstellen Werbevideos, Produktfotoshootings sowie speziell ausgerichtete Online-Konferenzen f\u00fcr bestimmte Zielgruppen.<\/p>\r\n        <\/div>\r\n     \r\n\r\n[\/vc_column][\/vc_row][vc_row css=&#8221;.vc_custom_1755789388573{padding-top: 100px !important;background-color: #ffffff !important;}&#8221; el_id=&#8221;contact&#8221;][vc_column css=&#8221;.vc_custom_1479460887824{margin-top: -100px !important;margin-right: 0px !important;}&#8221;]\r\n    <div class=\"contact-det\" style=\"background-color: #242424;\">\r\n        <p>1. <b>Haben Sie Fragen? Schreiben Sie uns!<\/b><\/p>\r\n        <h6>we@event-horizon.pl<\/h6>\r\n    <\/div>\r\n\r\n\r\n    <div class=\"contact-det\" style=\"background-color: #171717;\">\r\n        <p>2. <b>Rufen uns an<\/b><\/p>\r\n        <h6>+48 780 767 344<\/h6>\r\n    <\/div>\r\n\r\n\r\n    <div class=\"contact-det\" style=\"background-color: #101010;\">\r\n        <p>3. <b>Wo sind wir?<\/b><\/p>\r\n        <h6>Event-Horizon<br \/>\n62-050 Mosina<br \/>\nPl. 20 Pa\u017adziernika 12\/3<\/h6>\r\n    <\/div>\r\n\r\n[\/vc_column][\/vc_row]<\/p>\n<\/section>","protected":false},"excerpt":{"rendered":"<p>[vc_row full_height=&#8221;yes&#8221; fullwidth=&#8221;yes&#8221; el_id=&#8221;home&#8221;][vc_column][\/vc_column][\/vc_row][vc_row css=&#8221;.vc_custom_1755074942570{padding-top: 50px !important;padding-bottom: 0px !important;background-color: #ffffff !important;}&#8221;][vc_column][\/vc_column][\/vc_row][vc_row el_id=&#8221;portfolio&#8221;][vc_column][\/vc_column][\/vc_row][vc_row css=&#8221;.vc_custom_1758872658854{padding-top: 70px !important;padding-bottom: 70px !important;background-color: #212121 !important;}&#8221;][vc_column][\/vc_column][\/vc_row][vc_row][vc_column][vc_empty_space height=&#8221;10px&#8221;][\/vc_column][\/vc_row][vc_row css=&#8221;.vc_custom_1755164716626{padding-top: 0px !important;padding-bottom: 0px !important;background-color: #ffffff !important;}&#8221; el_id=&#8221;about&#8221;][vc_column][\/vc_column][\/vc_row][vc_row equal_height=&#8221;yes&#8221; css=&#8221;.vc_custom_1755164774002{padding-top: 0px !important;padding-bottom: 50px !important;background-color: #ffffff !important;}&#8221;][vc_column width=&#8221;1\/2&#8243;][vc_empty_space][\/vc_column][vc_column width=&#8221;1\/2&#8243;][vc_empty_space][\/vc_column][\/vc_row][vc_row css=&#8221;.vc_custom_1755789388573{padding-top: 100px !important;background-color: #ffffff !important;}&#8221; el_id=&#8221;contact&#8221;][vc_column css=&#8221;.vc_custom_1479460887824{margin-top: -100px !important;margin-right: 0px !important;}&#8221;][\/vc_column][\/vc_row]<\/p>\n","protected":false},"author":1,"featured_media":0,"parent":0,"menu_order":0,"comment_status":"closed","ping_status":"closed","template":"page-templates\/template-onepage.php","meta":{"footnotes":""},"class_list":["post-1922","page","type-page","status-publish","hentry"],"_links":{"self":[{"href":"https:\/\/www.event-horizon.pl\/index.php?rest_route=\/wp\/v2\/pages\/1922","targetHints":{"allow":["GET"]}}],"collection":[{"href":"https:\/\/www.event-horizon.pl\/index.php?rest_route=\/wp\/v2\/pages"}],"about":[{"href":"https:\/\/www.event-horizon.pl\/index.php?rest_route=\/wp\/v2\/types\/page"}],"author":[{"embeddable":true,"href":"https:\/\/www.event-horizon.pl\/index.php?rest_route=\/wp\/v2\/users\/1"}],"replies":[{"embeddable":true,"href":"https:\/\/www.event-horizon.pl\/index.php?rest_route=%2Fwp%2Fv2%2Fcomments&post=1922"}],"version-history":[{"count":15,"href":"https:\/\/www.event-horizon.pl\/index.php?rest_route=\/wp\/v2\/pages\/1922\/revisions"}],"predecessor-version":[{"id":2081,"href":"https:\/\/www.event-horizon.pl\/index.php?rest_route=\/wp\/v2\/pages\/1922\/revisions\/2081"}],"wp:attachment":[{"href":"https:\/\/www.event-horizon.pl\/index.php?rest_route=%2Fwp%2Fv2%2Fmedia&parent=1922"}],"curies":[{"name":"wp","href":"https:\/\/api.w.org\/{rel}","templated":true}]}}